{"id":221,"date":"2024-02-02T13:19:12","date_gmt":"2024-02-02T18:19:12","guid":{"rendered":"https:\/\/beta5.noblweb.com\/?page_id=221"},"modified":"2024-03-13T09:03:48","modified_gmt":"2024-03-13T13:03:48","slug":"faq","status":"publish","type":"page","link":"https:\/\/opirg-gripo.ca\/fr\/faq\/","title":{"rendered":"FAQ"},"content":{"rendered":"<div id=\"hero\"  data-column-margin=\"none\" data-midnight=\"dark\"  class=\"wpb_row vc_row-fluid vc_row full-width-content vc_row-o-equal-height vc_row-flex vc_row-o-content-middle  nectar-overflow-hidden\"  style=\"padding-top: 0px; padding-bottom: 0px; \"><div class=\"row-bg-wrap\" data-bg-animation=\"none\" data-bg-animation-delay=\"\" data-bg-overlay=\"true\"><div class=\"inner-wrap row-bg-layer using-image\" ><div class=\"row-bg viewport-desktop using-image\"  style=\"background-image: url(https:\/\/opirg-gripo.ca\/wp-content\/uploads\/2024\/02\/faq.jpg); background-position: center center; background-repeat: no-repeat; \"><\/div><\/div><div class=\"row-bg-overlay row-bg-layer\" style=\"background-color:rgba(0,0,0,0.8);  opacity: 0.3; \"><\/div><\/div><div class=\"row_col_wrap_12 col span_12 dark left\">\n\t<div  class=\"vc_col-sm-12 wpb_column column_container vc_column_container col left_padding_desktop_7vw top_padding_desktop_4vw right_padding_desktop_7vw bottom_padding_desktop_6vw\"  data-padding-pos=\"all\" data-has-bg-color=\"false\" data-bg-color=\"\" data-bg-opacity=\"1\" data-animation=\"\" data-delay=\"0\" >\n\t\t<div class=\"vc_column-inner\" >\n\t\t\t<div class=\"wpb_wrapper\">\n\t\t\t\t<div class=\"divider-wrap\" data-alignment=\"default\"><div style=\"height: 250px;\" class=\"divider\"><\/div><\/div><h1 style=\"font-size: 5vw;color: #ffffff;text-align: center\" class=\"vc_custom_heading wpb_animate_when_almost_visible wpb_fadeInDown fadeInDown\" >FAQ<\/h1><div class=\"divider-wrap\" data-alignment=\"default\"><div style=\"height: 250px;\" class=\"divider\"><\/div><\/div>\n\t\t\t<\/div> \n\t\t<\/div>\n\t<\/div> \n<\/div><\/div>\n\t\t<div id=\"fws_69d5c96a16961\"  data-column-margin=\"default\" data-midnight=\"dark\"  class=\"wpb_row vc_row-fluid vc_row\"  style=\"padding-top: 0px; padding-bottom: 0px; \"><div class=\"row-bg-wrap\" data-bg-animation=\"none\" data-bg-animation-delay=\"\" data-bg-overlay=\"false\"><div class=\"inner-wrap row-bg-layer\" ><div class=\"row-bg viewport-desktop\"  style=\"\"><\/div><\/div><\/div><div class=\"row_col_wrap_12 col span_12 dark left\">\n\t<div  class=\"vc_col-sm-12 wpb_column column_container vc_column_container col no-extra-padding inherit_tablet inherit_phone\"  data-padding-pos=\"all\" data-has-bg-color=\"false\" data-bg-color=\"\" data-bg-opacity=\"1\" data-animation=\"\" data-delay=\"0\" >\n\t\t<div class=\"vc_column-inner\" >\n\t\t\t<div class=\"wpb_wrapper\">\n\t\t\t\t<div class=\"divider-wrap\" data-alignment=\"default\"><div style=\"height: 150px;\" class=\"divider\"><\/div><\/div><div id=\"fws_69d5c96a16ebb\" data-midnight=\"\" data-column-margin=\"default\" class=\"wpb_row vc_row-fluid vc_row inner_row\"  style=\"padding-bottom: 7%; \"><div class=\"row-bg-wrap\"> <div class=\"row-bg\" ><\/div> <\/div><div class=\"row_col_wrap_12_inner col span_12  left\">\n\t<div  class=\"vc_col-sm-12 wpb_column column_container vc_column_container col child_column has-animation no-extra-padding el_spacing_0px inherit_tablet inherit_phone\"   data-padding-pos=\"all\" data-has-bg-color=\"false\" data-bg-color=\"\" data-bg-opacity=\"1\" data-animation=\"fade-in\" data-delay=\"0\" data-animation-offset=\"90%\" >\n\t\t<div class=\"vc_column-inner\" >\n\t\t<div class=\"wpb_wrapper\">\n\t\t\t<div class=\"nectar-animated-shape width_desktop_15vw position_desktop_absolute top_position_desktop_0px left_position_desktop_0px translate_y_desktop_-30pct translate_x_desktop_-50pct z_index_-1\"><div class=\"nectar-animated-shape__inner_wrap\" data-easing=\"default\" data-animation=\"none\"><div class=\"nectar-animated-shape__inner nectar-el-parallax-scroll\"data-scroll-animation=\"true\" data-scroll-animation-movement=\"transform_y\" data-scroll-animation-mobile=\"true\" data-scroll-animation-intensity=\"0.6\" ><svg xmlns=\"http:\/\/www.w3.org\/2000\/svg\" viewbox=\"0 0 100 100\" width=\"100\" height=\"100\" preserveaspectratio=\"xMidYMid meet\" style=\"width: 100%; height: 100%; overflow: hidden;\"><circle cx=\"50\" cy=\"50\" r=\"50\" fill=\"#ffffff\" \/><\/svg><\/div><\/div><\/div><div class=\"nectar-highlighted-text font_size_3vw font_size_tablet_4vw font_size_phone_5vw font_line_height_1-4\" data-style=\"scribble\" data-exp=\"default\" data-id=\"circle-highlight2\" data-using-custom-color=\"false\" data-animation-delay=\"false\" data-color=\"\" data-color-gradient=\"\" style=\"\"><h2><em>Questions fr\u00e9quemment pos\u00e9es<svg class=\"nectar-scribble basic-underline\" role=\"presentation\" viewbox=\"-400 -55 730 60\" preserveaspectratio=\"none\"><path style=\"animation-duration: 1.8s;\" d=\"m -383.25 -6 c 55.25 -22 130.75 -33.5 293.25 -38 c 54.5 -0.5 195 -2.5 401 15\" stroke=\"#19b441\" pathlength=\"1\" stroke-width=\"20\" fill=\"none\"\/><\/svg><\/em><\/h2>\n<\/div>\n\t\t<\/div> \n\t<\/div>\n\t<\/div> \n<\/div><\/div><div class=\"toggles accordion\" data-br=\"none\" data-starting=\"default\" data-style=\"default\"><div class=\"toggle default\" data-inner-wrap=\"true\"><h3 class=\"toggle-title\"><a href=\"#\" role=\"button\" class=\"nectar-inherit-h3 toggle-heading\"><i role=\"presentation\" class=\"fa fa-plus-circle\"><\/i>Comment puis-je m'impliquer ?<\/a><\/h3><div><div class=\"inner-toggle-wrap\">\n<div class=\"wpb_text_column wpb_content_element\" >\n\t<div class=\"wpb_wrapper\">\n\t\t<p>Contactez \u00ab admin@opirg-gripo.ca \u00bb pour plus d'informations !<\/p>\n\t<\/div>\n<\/div>\n\n\n\n<\/div><\/div><\/div><div class=\"toggle default\" data-inner-wrap=\"true\"><h3 class=\"toggle-title\"><a href=\"#\" role=\"button\" class=\"nectar-inherit-h3 toggle-heading\"><i role=\"presentation\" class=\"fa fa-plus-circle\"><\/i>Qui sont les membres du GRIPO ?<\/a><\/h3><div><div class=\"inner-toggle-wrap\">\n<div class=\"wpb_text_column wpb_content_element\" >\n\t<div class=\"wpb_wrapper\">\n\t\t<p>Si vous \u00eates un \u00e9tudiant.e inscrit.e \u00e0 l'Universit\u00e9 d'Ottawa, vous \u00eates membre du GRIPO. Si vous \u00eates un membre inscrit de la communaut\u00e9, vous \u00eates membre du GRIPO.<\/p>\n\t<\/div>\n<\/div>\n\n\n\n<\/div><\/div><\/div><div class=\"toggle default\" data-inner-wrap=\"true\"><h3 class=\"toggle-title\"><a href=\"#\" role=\"button\" class=\"nectar-inherit-h3 toggle-heading\"><i role=\"presentation\" class=\"fa fa-plus-circle\"><\/i>O\u00f9 le GRIPO re\u00e7oit-il du financement ?<\/a><\/h3><div><div class=\"inner-toggle-wrap\">\n<div class=\"wpb_text_column wpb_content_element\" >\n\t<div class=\"wpb_wrapper\">\n\t\t<p>GRIPO-Ottawa est une organisation ind\u00e9pendante dont le financement est garanti par des r\u00e9f\u00e9rendums \u00e9tudiants du syndicat \u00e9tudiant et de l'association des \u00e9tudiants dipl\u00f4m\u00e9s.<\/p>\n\t<\/div>\n<\/div>\n\n\n\n<\/div><\/div><\/div><div class=\"toggle default\" data-inner-wrap=\"true\"><h3 class=\"toggle-title\"><a href=\"#\" role=\"button\" class=\"nectar-inherit-h3 toggle-heading\"><i role=\"presentation\" class=\"fa fa-plus-circle\"><\/i>Qui sont les membres du conseil d\u2019administration du GRIPO ?<\/a><\/h3><div><div class=\"inner-toggle-wrap\">\n<div class=\"wpb_text_column wpb_content_element\" >\n\t<div class=\"wpb_wrapper\">\n\t\t<p>Les groupes ou les individus qui organisent des \u00e9v\u00e9nements li\u00e9s \u00e0 la justice sociale, environnementale ou \u00e9conomique peuvent demander diverses formes d'aide au GRIPO, y compris l'approbation, la promotion, le coparrainage et\/ou le financement.<\/p>\n\t<\/div>\n<\/div>\n\n\n\n<\/div><\/div><\/div><div class=\"toggle default\" data-inner-wrap=\"true\"><h3 class=\"toggle-title\"><a href=\"#\" role=\"button\" class=\"nectar-inherit-h3 toggle-heading\"><i role=\"presentation\" class=\"fa fa-plus-circle\"><\/i>Qui peut voter et se pr\u00e9senter au conseil d\u2019administration ?<\/a><\/h3><div><div class=\"inner-toggle-wrap\">\n<div class=\"wpb_text_column wpb_content_element\" >\n\t<div class=\"wpb_wrapper\">\n\t\t<p>Tous les membres en r\u00e8gle peuvent voter aux \u00e9lections du GRIPO et \u00eatre propos\u00e9s \u00e0 un si\u00e8ge au conseil d'administration.<\/p>\n\t<\/div>\n<\/div>\n\n\n\n<\/div><\/div><\/div><div class=\"toggle default\" data-inner-wrap=\"true\"><h3 class=\"toggle-title\"><a href=\"#\" role=\"button\" class=\"nectar-inherit-h3 toggle-heading\"><i role=\"presentation\" class=\"fa fa-plus-circle\"><\/i>Puis-je faire une proposition au GRIPO ?<\/a><\/h3><div><div class=\"inner-toggle-wrap\">\n<div class=\"wpb_text_column wpb_content_element\" >\n\t<div class=\"wpb_wrapper\">\n\t\t<p>Groups or individuals who are organizing events related to social, environmental or economic justice can request various forms of assistance from OPIRG-Ottawa, including endorsement, promotion, co-sponsorship and\/or funding.<\/p>\n\t<\/div>\n<\/div>\n\n\n\n<\/div><\/div><\/div><div class=\"toggle default\" data-inner-wrap=\"true\"><h3 class=\"toggle-title\"><a href=\"#\" role=\"button\" class=\"nectar-inherit-h3 toggle-heading\"><i role=\"presentation\" class=\"fa fa-plus-circle\"><\/i>Comment puis-je me d\u00e9sinscrire de la cotisation du GRIPO et b\u00e9n\u00e9ficier d\u2019un remboursement d\u2019adh\u00e9sion ?<\/a><\/h3><div><div class=\"inner-toggle-wrap\">\n<div class=\"wpb_text_column wpb_content_element\" >\n\t<div class=\"wpb_wrapper\">\n\t\t<p class=\"translation-block\">Si un membre ne souhaite pas contribuer au mandat du GRIPO, il peut demander le remboursement de sa contribution semestrielle en envoyant un courriel \u00e0 <a href=\"mailto:admin@opirg-gripo.ca\" target=\"_self\">admin@opirg -gripo.ca<\/a>. Les p\u00e9riodes de remboursement ont g\u00e9n\u00e9ralement lieu en novembre, mars et ao\u00fbt de chaque ann\u00e9e, mais d\u00e9pendent du moment o\u00f9 les cotisations \u00e9tudiantes sont transf\u00e9r\u00e9es par l'Universit\u00e9 d'Ottawa.<\/p>\n\t<\/div>\n<\/div>\n\n\n\n<\/div><\/div><\/div><div class=\"toggle default\" data-inner-wrap=\"true\"><h3 class=\"toggle-title\"><a href=\"#\" role=\"button\" class=\"nectar-inherit-h3 toggle-heading\"><i role=\"presentation\" class=\"fa fa-plus-circle\"><\/i>Le GRIPO organise-t-il des audits r\u00e9guliers ?<\/a><\/h3><div><div class=\"inner-toggle-wrap\">\n<div class=\"wpb_text_column wpb_content_element\" >\n\t<div class=\"wpb_wrapper\">\n\t\t<p class=\"translation-block\">En tant qu'organisation ontarienne \u00e0 but non lucratif constitu\u00e9e en soci\u00e9t\u00e9, le GRIPO est tenu de faire l'objet de v\u00e9rifications financi\u00e8res ind\u00e9pendantes annuelles. Les audits annuels sont pr\u00e9sent\u00e9s lors de l'assembl\u00e9e g\u00e9n\u00e9rale annuelle du GRIPO et peuvent \u00eatre consult\u00e9s dans nos <a href=\"\/fr\/about-opirg\/#annual-reports\" target=\"_self\">Rapports annuels<\/a>.<\/p>\n\t<\/div>\n<\/div>\n\n\n\n<\/div><\/div><\/div><\/div>\n\n\n\n\n\n\n\n\n\n\n\n\n\n\n\n\n\n\n\n<div class=\"divider-wrap\" data-alignment=\"default\"><div style=\"height: 150px;\" class=\"divider\"><\/div><\/div>\n\t\t\t<\/div> \n\t\t<\/div>\n\t<\/div> \n<\/div><\/div>","protected":false},"excerpt":{"rendered":"FAQ Frequently Asked Questions How can I get involved? Reach out to 'admin@opirg-gripo.ca' for more information! Who are the members of OPIRG? If you are a student enrolled at the...","protected":false},"author":1,"featured_media":0,"parent":0,"menu_order":0,"comment_status":"closed","ping_status":"closed","template":"","meta":{"_crdt_document":"","footnotes":""},"class_list":["post-221","page","type-page","status-publish"],"yoast_head":"<!-- This site is optimized with the Yoast SEO plugin v27.0 - https:\/\/yoast.com\/product\/yoast-seo-wordpress\/ -->\n<title>FAQ - OPIRG-GRIPO<\/title>\n<meta name=\"robots\" content=\"index, follow, max-snippet:-1, max-image-preview:large, max-video-preview:-1\" \/>\n<link rel=\"canonical\" href=\"https:\/\/opirg-gripo.ca\/fr\/faq\/\" \/>\n<meta property=\"og:locale\" content=\"fr_CA\" \/>\n<meta property=\"og:type\" content=\"article\" \/>\n<meta property=\"og:title\" content=\"FAQ - OPIRG-GRIPO\" \/>\n<meta property=\"og:url\" content=\"https:\/\/opirg-gripo.ca\/fr\/faq\/\" \/>\n<meta property=\"og:site_name\" content=\"OPIRG-GRIPO\" \/>\n<meta property=\"article:modified_time\" content=\"2024-03-13T13:03:48+00:00\" \/>\n<meta name=\"twitter:card\" content=\"summary_large_image\" \/>\n<meta name=\"twitter:label1\" content=\"Estimation du temps de lecture\" \/>\n\t<meta name=\"twitter:data1\" content=\"6 minutes\" \/>\n<script type=\"application\/ld+json\" class=\"yoast-schema-graph\">{\"@context\":\"https:\/\/schema.org\",\"@graph\":[{\"@type\":\"WebPage\",\"@id\":\"https:\/\/opirg-gripo.ca\/faq\/\",\"url\":\"https:\/\/opirg-gripo.ca\/faq\/\",\"name\":\"FAQ - OPIRG-GRIPO\",\"isPartOf\":{\"@id\":\"https:\/\/opirg-gripo.ca\/#website\"},\"datePublished\":\"2024-02-02T18:19:12+00:00\",\"dateModified\":\"2024-03-13T13:03:48+00:00\",\"breadcrumb\":{\"@id\":\"https:\/\/opirg-gripo.ca\/faq\/#breadcrumb\"},\"inLanguage\":\"fr-CA\",\"potentialAction\":[{\"@type\":\"ReadAction\",\"target\":[\"https:\/\/opirg-gripo.ca\/faq\/\"]}]},{\"@type\":\"BreadcrumbList\",\"@id\":\"https:\/\/opirg-gripo.ca\/faq\/#breadcrumb\",\"itemListElement\":[{\"@type\":\"ListItem\",\"position\":1,\"name\":\"Home\",\"item\":\"https:\/\/opirg-gripo.ca\/\"},{\"@type\":\"ListItem\",\"position\":2,\"name\":\"FAQ\"}]},{\"@type\":\"WebSite\",\"@id\":\"https:\/\/opirg-gripo.ca\/#website\",\"url\":\"https:\/\/opirg-gripo.ca\/\",\"name\":\"OPIRG-GRIPO\",\"description\":\"Building Movement\",\"publisher\":{\"@id\":\"https:\/\/opirg-gripo.ca\/#organization\"},\"potentialAction\":[{\"@type\":\"SearchAction\",\"target\":{\"@type\":\"EntryPoint\",\"urlTemplate\":\"https:\/\/opirg-gripo.ca\/?s={search_term_string}\"},\"query-input\":{\"@type\":\"PropertyValueSpecification\",\"valueRequired\":true,\"valueName\":\"search_term_string\"}}],\"inLanguage\":\"fr-CA\"},{\"@type\":\"Organization\",\"@id\":\"https:\/\/opirg-gripo.ca\/#organization\",\"name\":\"OPIRG-GRIPO\",\"url\":\"https:\/\/opirg-gripo.ca\/\",\"logo\":{\"@type\":\"ImageObject\",\"inLanguage\":\"fr-CA\",\"@id\":\"https:\/\/opirg-gripo.ca\/#\/schema\/logo\/image\/\",\"url\":\"https:\/\/opirg-gripo.ca\/wp-content\/uploads\/2024\/01\/OPIRG-logo.png\",\"contentUrl\":\"https:\/\/opirg-gripo.ca\/wp-content\/uploads\/2024\/01\/OPIRG-logo.png\",\"width\":250,\"height\":88,\"caption\":\"OPIRG-GRIPO\"},\"image\":{\"@id\":\"https:\/\/opirg-gripo.ca\/#\/schema\/logo\/image\/\"}}]}<\/script>\n<!-- \/ Yoast SEO plugin. -->","yoast_head_json":{"title":"FAQ - OPIRG-GRIPO","robots":{"index":"index","follow":"follow","max-snippet":"max-snippet:-1","max-image-preview":"max-image-preview:large","max-video-preview":"max-video-preview:-1"},"canonical":"https:\/\/opirg-gripo.ca\/fr\/faq\/","og_locale":"fr_CA","og_type":"article","og_title":"FAQ - OPIRG-GRIPO","og_url":"https:\/\/opirg-gripo.ca\/fr\/faq\/","og_site_name":"OPIRG-GRIPO","article_modified_time":"2024-03-13T13:03:48+00:00","twitter_card":"summary_large_image","twitter_misc":{"Estimation du temps de lecture":"6 minutes"},"schema":{"@context":"https:\/\/schema.org","@graph":[{"@type":"WebPage","@id":"https:\/\/opirg-gripo.ca\/faq\/","url":"https:\/\/opirg-gripo.ca\/faq\/","name":"FAQ - OPIRG-GRIPO","isPartOf":{"@id":"https:\/\/opirg-gripo.ca\/#website"},"datePublished":"2024-02-02T18:19:12+00:00","dateModified":"2024-03-13T13:03:48+00:00","breadcrumb":{"@id":"https:\/\/opirg-gripo.ca\/faq\/#breadcrumb"},"inLanguage":"fr-CA","potentialAction":[{"@type":"ReadAction","target":["https:\/\/opirg-gripo.ca\/faq\/"]}]},{"@type":"BreadcrumbList","@id":"https:\/\/opirg-gripo.ca\/faq\/#breadcrumb","itemListElement":[{"@type":"ListItem","position":1,"name":"Home","item":"https:\/\/opirg-gripo.ca\/"},{"@type":"ListItem","position":2,"name":"FAQ"}]},{"@type":"WebSite","@id":"https:\/\/opirg-gripo.ca\/#website","url":"https:\/\/opirg-gripo.ca\/","name":"OPIRG-GRIPO","description":"Building Movement","publisher":{"@id":"https:\/\/opirg-gripo.ca\/#organization"},"potentialAction":[{"@type":"SearchAction","target":{"@type":"EntryPoint","urlTemplate":"https:\/\/opirg-gripo.ca\/?s={search_term_string}"},"query-input":{"@type":"PropertyValueSpecification","valueRequired":true,"valueName":"search_term_string"}}],"inLanguage":"fr-CA"},{"@type":"Organization","@id":"https:\/\/opirg-gripo.ca\/#organization","name":"OPIRG-GRIPO","url":"https:\/\/opirg-gripo.ca\/","logo":{"@type":"ImageObject","inLanguage":"fr-CA","@id":"https:\/\/opirg-gripo.ca\/#\/schema\/logo\/image\/","url":"https:\/\/opirg-gripo.ca\/wp-content\/uploads\/2024\/01\/OPIRG-logo.png","contentUrl":"https:\/\/opirg-gripo.ca\/wp-content\/uploads\/2024\/01\/OPIRG-logo.png","width":250,"height":88,"caption":"OPIRG-GRIPO"},"image":{"@id":"https:\/\/opirg-gripo.ca\/#\/schema\/logo\/image\/"}}]}},"_links":{"self":[{"href":"https:\/\/opirg-gripo.ca\/fr\/wp-json\/wp\/v2\/pages\/221","targetHints":{"allow":["GET"]}}],"collection":[{"href":"https:\/\/opirg-gripo.ca\/fr\/wp-json\/wp\/v2\/pages"}],"about":[{"href":"https:\/\/opirg-gripo.ca\/fr\/wp-json\/wp\/v2\/types\/page"}],"author":[{"embeddable":true,"href":"https:\/\/opirg-gripo.ca\/fr\/wp-json\/wp\/v2\/users\/1"}],"replies":[{"embeddable":true,"href":"https:\/\/opirg-gripo.ca\/fr\/wp-json\/wp\/v2\/comments?post=221"}],"version-history":[{"count":5,"href":"https:\/\/opirg-gripo.ca\/fr\/wp-json\/wp\/v2\/pages\/221\/revisions"}],"predecessor-version":[{"id":430,"href":"https:\/\/opirg-gripo.ca\/fr\/wp-json\/wp\/v2\/pages\/221\/revisions\/430"}],"wp:attachment":[{"href":"https:\/\/opirg-gripo.ca\/fr\/wp-json\/wp\/v2\/media?parent=221"}],"curies":[{"name":"wp","href":"https:\/\/api.w.org\/{rel}","templated":true}]}}