{"id":223,"date":"2024-02-02T13:19:40","date_gmt":"2024-02-02T18:19:40","guid":{"rendered":"https:\/\/beta5.noblweb.com\/?page_id=223"},"modified":"2024-03-12T11:12:59","modified_gmt":"2024-03-12T15:12:59","slug":"community-based-research","status":"publish","type":"page","link":"https:\/\/opirg-gripo.ca\/fr\/community-based-research\/","title":{"rendered":"Recherche communautaire"},"content":{"rendered":"<div id=\"hero\"  data-column-margin=\"none\" data-midnight=\"dark\"  class=\"wpb_row vc_row-fluid vc_row full-width-content vc_row-o-equal-height vc_row-flex vc_row-o-content-middle  nectar-overflow-hidden\"  style=\"padding-top: 0px; padding-bottom: 0px; \"><div class=\"row-bg-wrap\" data-bg-animation=\"none\" data-bg-animation-delay=\"\" data-bg-overlay=\"true\"><div class=\"inner-wrap row-bg-layer using-image\" ><div class=\"row-bg viewport-desktop using-image\"  style=\"background-image: url(https:\/\/opirg-gripo.ca\/wp-content\/uploads\/2024\/03\/research.jpg); background-position: center center; background-repeat: no-repeat; \"><\/div><\/div><div class=\"row-bg-overlay row-bg-layer\" style=\"background-color:rgba(0,0,0,0.8);  opacity: 0.3; \"><\/div><\/div><div class=\"row_col_wrap_12 col span_12 dark left\">\n\t<div  class=\"vc_col-sm-12 wpb_column column_container vc_column_container col left_padding_desktop_7vw top_padding_desktop_4vw right_padding_desktop_7vw bottom_padding_desktop_6vw\"  data-padding-pos=\"all\" data-has-bg-color=\"false\" data-bg-color=\"\" data-bg-opacity=\"1\" data-animation=\"\" data-delay=\"0\" >\n\t\t<div class=\"vc_column-inner\" >\n\t\t\t<div class=\"wpb_wrapper\">\n\t\t\t\t<div class=\"divider-wrap\" data-alignment=\"default\"><div style=\"height: 250px;\" class=\"divider\"><\/div><\/div><h1 style=\"font-size: 5vw;color: #ffffff;text-align: center\" class=\"vc_custom_heading wpb_animate_when_almost_visible wpb_fadeInDown fadeInDown\" >Recherche communautaire<\/h1><div class=\"divider-wrap\" data-alignment=\"default\"><div style=\"height: 250px;\" class=\"divider\"><\/div><\/div>\n\t\t\t<\/div> \n\t\t<\/div>\n\t<\/div> \n<\/div><\/div>\n\t\t<div id=\"intro\"  data-column-margin=\"default\" data-midnight=\"dark\" data-top-percent=\"5%\" data-bottom-percent=\"5%\"  class=\"wpb_row vc_row-fluid vc_row full-width-content vc_row-o-equal-height vc_row-flex vc_row-o-content-middle  right_padding_27vw left_padding_27vw bottom_padding_tablet_12pct right_padding_tablet_20vw right_padding_phone_7vw left_padding_tablet_20vw left_padding_phone_7vw\"  style=\"padding-top: calc(100vw * 0.05); padding-bottom: calc(100vw * 0.05); \"><div class=\"row-bg-wrap\" data-bg-animation=\"none\" data-bg-animation-delay=\"\" data-bg-overlay=\"false\"><div class=\"inner-wrap row-bg-layer\" ><div class=\"row-bg viewport-desktop\"  style=\"\"><\/div><\/div><\/div><div class=\"row_col_wrap_12 col span_12 dark left\">\n\t<div  class=\"vc_col-sm-12 wpb_column column_container vc_column_container col column_position_static el_spacing_0px\"  data-overlay-color=\"true\" data-padding-pos=\"all\" data-has-bg-color=\"false\" data-bg-color=\"\" data-bg-opacity=\"1\" data-animation=\"\" data-delay=\"0\" >\n\t\t<div class=\"vc_column-inner\" ><div class=\"column-bg-overlay-wrap column-bg-layer\" data-bg-animation=\"none\"><div class=\"column-bg-overlay\"><\/div><div class=\"column-overlay-layer\" style=\"\"><\/div><\/div>\n\t\t\t<div class=\"wpb_wrapper\">\n\t\t\t\t<div class=\"divider-wrap\" data-alignment=\"default\"><div style=\"height: 100px;\" class=\"divider\"><\/div><\/div><div id=\"fws_69d5c89bf15de\" data-midnight=\"\" data-column-margin=\"default\" class=\"wpb_row vc_row-fluid vc_row inner_row\"  style=\"padding-bottom: 7%; \"><div class=\"row-bg-wrap\"> <div class=\"row-bg\" ><\/div> <\/div><div class=\"row_col_wrap_12_inner col span_12  left\">\n\t<div  class=\"vc_col-sm-12 wpb_column column_container vc_column_container col child_column has-animation no-extra-padding el_spacing_0px inherit_tablet inherit_phone\"   data-padding-pos=\"all\" data-has-bg-color=\"false\" data-bg-color=\"\" data-bg-opacity=\"1\" data-animation=\"fade-in\" data-delay=\"0\" data-animation-offset=\"90%\" >\n\t\t<div class=\"vc_column-inner\" >\n\t\t<div class=\"wpb_wrapper\">\n\t\t\t<div class=\"nectar-animated-shape width_desktop_15vw position_desktop_absolute top_position_desktop_0px left_position_desktop_0px translate_y_desktop_-30pct translate_x_desktop_-50pct z_index_-1\"><div class=\"nectar-animated-shape__inner_wrap\" data-easing=\"default\" data-animation=\"none\"><div class=\"nectar-animated-shape__inner nectar-el-parallax-scroll\"data-scroll-animation=\"true\" data-scroll-animation-movement=\"transform_y\" data-scroll-animation-mobile=\"true\" data-scroll-animation-intensity=\"0.6\" ><svg xmlns=\"http:\/\/www.w3.org\/2000\/svg\" viewbox=\"0 0 100 100\" width=\"100\" height=\"100\" preserveaspectratio=\"xMidYMid meet\" style=\"width: 100%; height: 100%; overflow: hidden;\"><circle cx=\"50\" cy=\"50\" r=\"50\" fill=\"#ffffff\" \/><\/svg><\/div><\/div><\/div><div class=\"nectar-highlighted-text font_size_3vw font_size_tablet_4vw font_size_phone_5vw font_line_height_1-4\" data-style=\"scribble\" data-exp=\"default\" data-id=\"circle-highlight2\" data-using-custom-color=\"false\" data-animation-delay=\"false\" data-color=\"\" data-color-gradient=\"\" style=\"\"><h2>Le programme de recherche communautaire du GRIPO aide et relie les \u00e9tudiant.es et les groupes communautaires souhaitant faire de la recherche li\u00e9e \u00e0 <em>la justice sociale<svg class=\"nectar-scribble squiggle-underline\" role=\"presentation\" viewbox=\"-347 -30.1947 694 96.19\" preserveaspectratio=\"none\"><path style=\"animation-duration: 1.8s;\" d=\"M-335,54 C-335,54 -171,-58 -194,-3 C-217,52 -224.1199951171875,73.552001953125 -127,11 C-68,-27 -137,50 -33,42 C31.43899917602539,37.042999267578125 147.14700317382812,-29.308000564575195 335,2\" stroke=\"#19b441\" pathlength=\"1\" stroke-width=\"20\" fill=\"none\"\/><\/svg><\/em>.<\/h2>\n<\/div>\n\t\t<\/div> \n\t<\/div>\n\t<\/div> \n<\/div><\/div><div id=\"fws_69d5c89bf1d37\" data-midnight=\"\" data-column-margin=\"default\" class=\"wpb_row vc_row-fluid vc_row inner_row\"  style=\"\"><div class=\"row-bg-wrap\"> <div class=\"row-bg\" ><\/div> <\/div><div class=\"row_col_wrap_12_inner col span_12  left\">\n\t<div  class=\"vc_col-sm-12 wpb_column column_container vc_column_container col child_column no-extra-padding inherit_tablet inherit_phone\"   data-padding-pos=\"all\" data-has-bg-color=\"false\" data-bg-color=\"\" data-bg-opacity=\"1\" data-animation=\"\" data-delay=\"0\" >\n\t\t<div class=\"vc_column-inner\" >\n\t\t<div class=\"wpb_wrapper\">\n\t\t\t<p style=\"font-size: 1.2vw;line-height: 1.8;text-align: left\" class=\"vc_custom_heading\" >Le GRIPO appuie la recherche qui s\u2019ajoute \u00e0 nos connaissances et nous aide \u00e0 appeler ou \u00e0 cr\u00e9er des politiques, des services ou des ressources qui r\u00e9pondent aux besoins de notre communaut\u00e9 et de notre \u00e9cosyst\u00e8me diversifi\u00e9. La m\u00e9thode de recherche utilis\u00e9e par le GRIPO est une recherche participative (\u00e9galement appel\u00e9e recherche-action, recherche-action participative, recherche collaborative, recherche participative communautaire ou recherche dirig\u00e9e par la communaut\u00e9). Ce mod\u00e8le de recherche est de nature participative et est un processus d\u2019apprentissage et de partage en commun, c\u2019est-\u00e0-dire le processus de cogestion des connaissances<\/p>\n\t\t<\/div> \n\t<\/div>\n\t<\/div> \n<\/div><\/div>\n\t\t\t<\/div> \n\t\t<\/div>\n\t<\/div> \n<\/div><\/div>\n\t\t<div id=\"research\"  data-column-margin=\"none\" data-midnight=\"dark\" data-top-percent=\"5%\" data-bottom-percent=\"7%\"  class=\"wpb_row vc_row-fluid vc_row full-width-content vc_row-o-equal-height vc_row-flex vc_row-o-content-middle  right_padding_7pct left_padding_7pct bottom_padding_tablet_10pct\"  style=\"padding-top: calc(100vw * 0.05); padding-bottom: calc(100vw * 0.07); \"><div class=\"row-bg-wrap\" data-bg-animation=\"none\" data-bg-animation-delay=\"\" data-bg-overlay=\"false\"><div class=\"inner-wrap row-bg-layer\" ><div class=\"row-bg viewport-desktop\"  style=\"\"><\/div><\/div><\/div><div class=\"row_col_wrap_12 col span_12 dark left\">\n\t<div  class=\"vc_col-sm-6 wpb_column column_container vc_column_container col no-extra-padding column_position_relative el_spacing_0px inherit_tablet inherit_phone\"  data-overlay-color=\"true\" data-padding-pos=\"all\" data-has-bg-color=\"false\" data-bg-color=\"\" data-bg-opacity=\"1\" data-animation=\"\" data-delay=\"0\" >\n\t\t<div class=\"vc_column-inner\" ><div class=\"column-bg-overlay-wrap column-bg-layer\" data-bg-animation=\"none\"><div class=\"column-bg-overlay\"><\/div><div class=\"column-overlay-layer\" style=\"\"><\/div><\/div>\n\t\t\t<div class=\"wpb_wrapper\">\n\t\t\t\t<div id=\"fws_69d5c89bf283c\" data-midnight=\"\" data-column-margin=\"default\" class=\"wpb_row vc_row-fluid vc_row inner_row\"  style=\"\"><div class=\"row-bg-wrap\"> <div class=\"row-bg\" ><\/div> <\/div><div class=\"row_col_wrap_12_inner col span_12  left\">\n\t<div style=\"\" class=\"vc_col-sm-12 wpb_column column_container vc_column_container col child_column bg_img_front top_padding_desktop_60vh top_padding_tablet_50vh top_padding_phone_40vh\"  data-using-bg=\"true\" data-border-radius=\"20px\" data-bg-cover=\"true\" data-padding-pos=\"all\" data-has-bg-color=\"false\" data-bg-color=\"\" data-bg-opacity=\"1\" data-animation=\"\" data-delay=\"0\" >\n\t\t<div class=\"vc_column-inner\" ><div class=\"column-image-bg-wrap column-bg-layer viewport-desktop\" data-n-parallax-bg=\"true\" data-parallax-speed=\"minimum\" data-bg-pos=\"center center\" data-bg-animation=\"none\" data-bg-overlay=\"false\"><div class=\"inner-wrap\"><div class=\"column-image-bg parallax-layer\" style=\" background-image: url('https:\/\/opirg-gripo.ca\/wp-content\/uploads\/2024\/03\/student6.jpg'); \"><\/div><\/div><\/div>\n\t\t<div class=\"wpb_wrapper\">\n\t\t\t\n\t\t<\/div> \n\t<\/div>\n\t<\/div> \n<\/div><\/div><div id=\"fws_69d5c89bf2dbe\" data-midnight=\"\" data-column-margin=\"default\" class=\"wpb_row vc_row-fluid vc_row inner_row  row_position_absolute bottom_position_desktop_30px left_position_desktop_30px\"  style=\" z-index: 500;\"><div class=\"row-bg-wrap\"> <div class=\"row-bg\" ><\/div> <\/div><div class=\"row_col_wrap_12_inner col span_12  left\">\n\t<div style=\"\" class=\"vc_col-sm-12 wpb_column column_container vc_column_container col child_column has-animation no-extra-padding inherit_tablet inherit_phone col-overflow-hidden nectar-mask-reveal nectar-mask-reveal-left_bottom-dir nectar-mask-reveal-circle-shape\"  data-using-bg=\"true\" data-padding-pos=\"all\" data-has-bg-color=\"true\" data-bg-color=\"#ffffff\" data-bg-opacity=\"1\" data-animation=\"mask-reveal\" data-delay=\"0\" data-animation-offset=\"95%\" data-animation-easing=\"easeInOutCubic\" >\n\t\t<div class=\"vc_column-inner\" style=\"transform:  translateX(-60px);\"><div class=\"column-bg-overlay-wrap column-bg-layer\" data-bg-animation=\"none\"><div class=\"column-bg-overlay\" style=\"opacity: 1; background-color: #ffffff;\"><\/div><\/div>\n\t\t<div class=\"wpb_wrapper\">\n\t\t\t\n\t\t<\/div> \n\t<\/div>\n\t<\/div> \n<\/div><\/div>\n\t\t\t<\/div> \n\t\t<\/div>\n\t<\/div> \n\n\t<div  class=\"vc_col-sm-6 wpb_column column_container vc_column_container col column_position_static el_spacing_30px left_padding_desktop_7vw\"  data-padding-pos=\"all\" data-has-bg-color=\"false\" data-bg-color=\"\" data-bg-opacity=\"1\" data-animation=\"\" data-delay=\"0\" >\n\t\t<div class=\"vc_column-inner\" >\n\t\t\t<div class=\"wpb_wrapper\">\n\t\t\t\t<div id=\"fws_69d5c89bf33fe\" data-midnight=\"\" data-column-margin=\"none\" class=\"wpb_row vc_row-fluid vc_row inner_row  right_padding_5pct top_padding_tablet_8pct\"  style=\"\"><div class=\"row-bg-wrap\"> <div class=\"row-bg\" ><\/div> <\/div><div class=\"row_col_wrap_12_inner col span_12  left\">\n\t<div  class=\"vc_col-sm-12 wpb_column column_container vc_column_container col child_column no-extra-padding inherit_tablet inherit_phone\"   data-padding-pos=\"all\" data-has-bg-color=\"false\" data-bg-color=\"\" data-bg-opacity=\"1\" data-animation=\"\" data-delay=\"0\" >\n\t\t<div class=\"vc_column-inner\" >\n\t\t<div class=\"wpb_wrapper\">\n\t\t\t<h2 style=\"font-size: 3vw;color: #020202;line-height: 1.3;text-align: left\" class=\"vc_custom_heading\" >La recherche comprend\u00a0:<\/h2>\n\t\t<\/div> \n\t<\/div>\n\t<\/div> \n<\/div><\/div><div id=\"fws_69d5c89bf387b\" data-midnight=\"\" data-column-margin=\"default\" class=\"wpb_row vc_row-fluid vc_row inner_row  right_padding_14pct\"  style=\"\"><div class=\"row-bg-wrap\"> <div class=\"row-bg\" ><\/div> <\/div><div class=\"row_col_wrap_12_inner col span_12  left\">\n\t<div  class=\"vc_col-sm-12 wpb_column column_container vc_column_container col child_column has-animation no-extra-padding inherit_tablet inherit_phone\"   data-padding-pos=\"all\" data-has-bg-color=\"false\" data-bg-color=\"\" data-bg-opacity=\"1\" data-animation=\"fade-in\" data-delay=\"0\" data-animation-easing=\"easeInOutQuad\" >\n\t\t<div class=\"vc_column-inner\" >\n\t\t<div class=\"wpb_wrapper\">\n\t\t\t<div class=\"nectar-responsive-text font_size_min_16px font_size_desktop_1-1vw font_line_height_1-8 nectar-link-underline-effect\"><ul>\n<li>La d\u00e9colonisation de nos propres esprits \u00ab en d\u00e9voilant la r\u00e9alit\u00e9 et en apprenant ainsi de mani\u00e8re critique \u00bb<\/li>\n<li>La comparaison de diverses connaissances, perspectives et visions du monde afin de contester les hypoth\u00e8ses de monoculture<\/li>\n<li>La reconstruction des connaissances. \u00ab En atteignant cette connaissance de la r\u00e9alit\u00e9 par une r\u00e9flexion et une action communes, nous nous d\u00e9couvrons comme des cr\u00e9ateurs permanents \u00bb (Freire, 1993).<\/li>\n<\/ul>\n<p>La m\u00e9thode de recherche participative permet aux communaut\u00e9s et aux chercheurs de d\u00e9mystifier et de d\u00e9mocratiser la recherche en \u00e9tablissant des partenariats bas\u00e9s sur des r\u00e9flexions mutuelles, l\u2019\u00e9coute et l\u2019apprentissage mutuel. Cela nous am\u00e8ne \u00e0 contester nos croyances, nos st\u00e9r\u00e9otypes et la structure de notre soci\u00e9t\u00e9.<\/p>\n<\/div>\n\t\t<\/div> \n\t<\/div>\n\t<\/div> \n<\/div><\/div>\n\t\t\t<\/div> \n\t\t<\/div>\n\t<\/div> \n<\/div><\/div>","protected":false},"excerpt":{"rendered":"Community Based Research The OPIRG Community-Based Research Program assists and connects students and community groups wishing to conduct research related to social justice. OPIRG supports research initiatives which add to...","protected":false},"author":1,"featured_media":0,"parent":0,"menu_order":0,"comment_status":"closed","ping_status":"closed","template":"","meta":{"_crdt_document":"","footnotes":""},"class_list":["post-223","page","type-page","status-publish"],"yoast_head":"<!-- This site is optimized with the Yoast SEO plugin v27.0 - https:\/\/yoast.com\/product\/yoast-seo-wordpress\/ -->\n<title>Community Based Research - OPIRG-GRIPO<\/title>\n<meta name=\"robots\" content=\"index, follow, max-snippet:-1, max-image-preview:large, max-video-preview:-1\" \/>\n<link rel=\"canonical\" href=\"https:\/\/opirg-gripo.ca\/fr\/community-based-research\/\" \/>\n<meta property=\"og:locale\" content=\"fr_CA\" \/>\n<meta property=\"og:type\" content=\"article\" \/>\n<meta property=\"og:title\" content=\"Community Based Research - OPIRG-GRIPO\" \/>\n<meta property=\"og:url\" content=\"https:\/\/opirg-gripo.ca\/fr\/community-based-research\/\" \/>\n<meta property=\"og:site_name\" content=\"OPIRG-GRIPO\" \/>\n<meta property=\"article:modified_time\" content=\"2024-03-12T15:12:59+00:00\" \/>\n<meta name=\"twitter:card\" content=\"summary_large_image\" \/>\n<meta name=\"twitter:label1\" content=\"Estimation du temps de lecture\" \/>\n\t<meta name=\"twitter:data1\" content=\"10 minutes\" \/>\n<script type=\"application\/ld+json\" class=\"yoast-schema-graph\">{\"@context\":\"https:\/\/schema.org\",\"@graph\":[{\"@type\":\"WebPage\",\"@id\":\"https:\/\/opirg-gripo.ca\/community-based-research\/\",\"url\":\"https:\/\/opirg-gripo.ca\/community-based-research\/\",\"name\":\"Community Based Research - OPIRG-GRIPO\",\"isPartOf\":{\"@id\":\"https:\/\/opirg-gripo.ca\/#website\"},\"datePublished\":\"2024-02-02T18:19:40+00:00\",\"dateModified\":\"2024-03-12T15:12:59+00:00\",\"breadcrumb\":{\"@id\":\"https:\/\/opirg-gripo.ca\/community-based-research\/#breadcrumb\"},\"inLanguage\":\"fr-CA\",\"potentialAction\":[{\"@type\":\"ReadAction\",\"target\":[\"https:\/\/opirg-gripo.ca\/community-based-research\/\"]}]},{\"@type\":\"BreadcrumbList\",\"@id\":\"https:\/\/opirg-gripo.ca\/community-based-research\/#breadcrumb\",\"itemListElement\":[{\"@type\":\"ListItem\",\"position\":1,\"name\":\"Home\",\"item\":\"https:\/\/opirg-gripo.ca\/\"},{\"@type\":\"ListItem\",\"position\":2,\"name\":\"Community Based Research\"}]},{\"@type\":\"WebSite\",\"@id\":\"https:\/\/opirg-gripo.ca\/#website\",\"url\":\"https:\/\/opirg-gripo.ca\/\",\"name\":\"OPIRG-GRIPO\",\"description\":\"Building Movement\",\"publisher\":{\"@id\":\"https:\/\/opirg-gripo.ca\/#organization\"},\"potentialAction\":[{\"@type\":\"SearchAction\",\"target\":{\"@type\":\"EntryPoint\",\"urlTemplate\":\"https:\/\/opirg-gripo.ca\/?s={search_term_string}\"},\"query-input\":{\"@type\":\"PropertyValueSpecification\",\"valueRequired\":true,\"valueName\":\"search_term_string\"}}],\"inLanguage\":\"fr-CA\"},{\"@type\":\"Organization\",\"@id\":\"https:\/\/opirg-gripo.ca\/#organization\",\"name\":\"OPIRG-GRIPO\",\"url\":\"https:\/\/opirg-gripo.ca\/\",\"logo\":{\"@type\":\"ImageObject\",\"inLanguage\":\"fr-CA\",\"@id\":\"https:\/\/opirg-gripo.ca\/#\/schema\/logo\/image\/\",\"url\":\"https:\/\/opirg-gripo.ca\/wp-content\/uploads\/2024\/01\/OPIRG-logo.png\",\"contentUrl\":\"https:\/\/opirg-gripo.ca\/wp-content\/uploads\/2024\/01\/OPIRG-logo.png\",\"width\":250,\"height\":88,\"caption\":\"OPIRG-GRIPO\"},\"image\":{\"@id\":\"https:\/\/opirg-gripo.ca\/#\/schema\/logo\/image\/\"}}]}<\/script>\n<!-- \/ Yoast SEO plugin. -->","yoast_head_json":{"title":"Community Based Research - OPIRG-GRIPO","robots":{"index":"index","follow":"follow","max-snippet":"max-snippet:-1","max-image-preview":"max-image-preview:large","max-video-preview":"max-video-preview:-1"},"canonical":"https:\/\/opirg-gripo.ca\/fr\/community-based-research\/","og_locale":"fr_CA","og_type":"article","og_title":"Community Based Research - OPIRG-GRIPO","og_url":"https:\/\/opirg-gripo.ca\/fr\/community-based-research\/","og_site_name":"OPIRG-GRIPO","article_modified_time":"2024-03-12T15:12:59+00:00","twitter_card":"summary_large_image","twitter_misc":{"Estimation du temps de lecture":"10 minutes"},"schema":{"@context":"https:\/\/schema.org","@graph":[{"@type":"WebPage","@id":"https:\/\/opirg-gripo.ca\/community-based-research\/","url":"https:\/\/opirg-gripo.ca\/community-based-research\/","name":"Community Based Research - OPIRG-GRIPO","isPartOf":{"@id":"https:\/\/opirg-gripo.ca\/#website"},"datePublished":"2024-02-02T18:19:40+00:00","dateModified":"2024-03-12T15:12:59+00:00","breadcrumb":{"@id":"https:\/\/opirg-gripo.ca\/community-based-research\/#breadcrumb"},"inLanguage":"fr-CA","potentialAction":[{"@type":"ReadAction","target":["https:\/\/opirg-gripo.ca\/community-based-research\/"]}]},{"@type":"BreadcrumbList","@id":"https:\/\/opirg-gripo.ca\/community-based-research\/#breadcrumb","itemListElement":[{"@type":"ListItem","position":1,"name":"Home","item":"https:\/\/opirg-gripo.ca\/"},{"@type":"ListItem","position":2,"name":"Community Based Research"}]},{"@type":"WebSite","@id":"https:\/\/opirg-gripo.ca\/#website","url":"https:\/\/opirg-gripo.ca\/","name":"OPIRG-GRIPO","description":"Building Movement","publisher":{"@id":"https:\/\/opirg-gripo.ca\/#organization"},"potentialAction":[{"@type":"SearchAction","target":{"@type":"EntryPoint","urlTemplate":"https:\/\/opirg-gripo.ca\/?s={search_term_string}"},"query-input":{"@type":"PropertyValueSpecification","valueRequired":true,"valueName":"search_term_string"}}],"inLanguage":"fr-CA"},{"@type":"Organization","@id":"https:\/\/opirg-gripo.ca\/#organization","name":"OPIRG-GRIPO","url":"https:\/\/opirg-gripo.ca\/","logo":{"@type":"ImageObject","inLanguage":"fr-CA","@id":"https:\/\/opirg-gripo.ca\/#\/schema\/logo\/image\/","url":"https:\/\/opirg-gripo.ca\/wp-content\/uploads\/2024\/01\/OPIRG-logo.png","contentUrl":"https:\/\/opirg-gripo.ca\/wp-content\/uploads\/2024\/01\/OPIRG-logo.png","width":250,"height":88,"caption":"OPIRG-GRIPO"},"image":{"@id":"https:\/\/opirg-gripo.ca\/#\/schema\/logo\/image\/"}}]}},"_links":{"self":[{"href":"https:\/\/opirg-gripo.ca\/fr\/wp-json\/wp\/v2\/pages\/223","targetHints":{"allow":["GET"]}}],"collection":[{"href":"https:\/\/opirg-gripo.ca\/fr\/wp-json\/wp\/v2\/pages"}],"about":[{"href":"https:\/\/opirg-gripo.ca\/fr\/wp-json\/wp\/v2\/types\/page"}],"author":[{"embeddable":true,"href":"https:\/\/opirg-gripo.ca\/fr\/wp-json\/wp\/v2\/users\/1"}],"replies":[{"embeddable":true,"href":"https:\/\/opirg-gripo.ca\/fr\/wp-json\/wp\/v2\/comments?post=223"}],"version-history":[{"count":5,"href":"https:\/\/opirg-gripo.ca\/fr\/wp-json\/wp\/v2\/pages\/223\/revisions"}],"predecessor-version":[{"id":325,"href":"https:\/\/opirg-gripo.ca\/fr\/wp-json\/wp\/v2\/pages\/223\/revisions\/325"}],"wp:attachment":[{"href":"https:\/\/opirg-gripo.ca\/fr\/wp-json\/wp\/v2\/media?parent=223"}],"curies":[{"name":"wp","href":"https:\/\/api.w.org\/{rel}","templated":true}]}}