{"id":225,"date":"2024-02-02T13:19:51","date_gmt":"2024-02-02T18:19:51","guid":{"rendered":"https:\/\/beta5.noblweb.com\/?page_id=225"},"modified":"2024-05-15T13:14:28","modified_gmt":"2024-05-15T17:14:28","slug":"programs","status":"publish","type":"page","link":"https:\/\/opirg-gripo.ca\/fr\/programs\/","title":{"rendered":"Programmes"},"content":{"rendered":"<div id=\"hero\"  data-column-margin=\"none\" data-midnight=\"dark\"  class=\"wpb_row vc_row-fluid vc_row full-width-content vc_row-o-equal-height vc_row-flex vc_row-o-content-middle  nectar-overflow-hidden\"  style=\"padding-top: 0px; padding-bottom: 0px; \"><div class=\"row-bg-wrap\" data-bg-animation=\"none\" data-bg-animation-delay=\"\" data-bg-overlay=\"true\"><div class=\"inner-wrap row-bg-layer using-image\" ><div class=\"row-bg viewport-desktop using-image\"  style=\"background-image: url(https:\/\/opirg-gripo.ca\/wp-content\/uploads\/2024\/03\/programsBG.jpg); background-position: center center; background-repeat: no-repeat; \"><\/div><\/div><div class=\"row-bg-overlay row-bg-layer\" style=\"background-color:rgba(0,0,0,0.8);  opacity: 0.3; \"><\/div><\/div><div class=\"row_col_wrap_12 col span_12 dark left\">\n\t<div  class=\"vc_col-sm-12 wpb_column column_container vc_column_container col left_padding_desktop_7vw top_padding_desktop_4vw right_padding_desktop_7vw bottom_padding_desktop_6vw\"  data-padding-pos=\"all\" data-has-bg-color=\"false\" data-bg-color=\"\" data-bg-opacity=\"1\" data-animation=\"\" data-delay=\"0\" >\n\t\t<div class=\"vc_column-inner\" >\n\t\t\t<div class=\"wpb_wrapper\">\n\t\t\t\t<div class=\"divider-wrap\" data-alignment=\"default\"><div style=\"height: 250px;\" class=\"divider\"><\/div><\/div><h1 style=\"font-size: 5vw;color: #ffffff;text-align: center\" class=\"vc_custom_heading wpb_animate_when_almost_visible wpb_fadeInDown fadeInDown\" >Programmes<\/h1><div class=\"divider-wrap\" data-alignment=\"default\"><div style=\"height: 250px;\" class=\"divider\"><\/div><\/div>\n\t\t\t<\/div> \n\t\t<\/div>\n\t<\/div> \n<\/div><\/div>\n\t\t<div id=\"intro\"  data-column-margin=\"default\" data-midnight=\"dark\" data-top-percent=\"5%\" data-bottom-percent=\"5%\"  class=\"wpb_row vc_row-fluid vc_row full-width-content vc_row-o-equal-height vc_row-flex vc_row-o-content-middle  right_padding_27vw left_padding_27vw bottom_padding_tablet_12pct right_padding_tablet_20vw right_padding_phone_7vw left_padding_tablet_20vw left_padding_phone_7vw\"  style=\"padding-top: calc(100vw * 0.05); padding-bottom: calc(100vw * 0.05); \"><div class=\"row-bg-wrap\" data-bg-animation=\"none\" data-bg-animation-delay=\"\" data-bg-overlay=\"false\"><div class=\"inner-wrap row-bg-layer\" ><div class=\"row-bg viewport-desktop\"  style=\"\"><\/div><\/div><\/div><div class=\"row_col_wrap_12 col span_12 dark left\">\n\t<div  class=\"vc_col-sm-12 wpb_column column_container vc_column_container col column_position_static el_spacing_0px\"  data-overlay-color=\"true\" data-padding-pos=\"all\" data-has-bg-color=\"false\" data-bg-color=\"\" data-bg-opacity=\"1\" data-animation=\"\" data-delay=\"0\" >\n\t\t<div class=\"vc_column-inner\" ><div class=\"column-bg-overlay-wrap column-bg-layer\" data-bg-animation=\"none\"><div class=\"column-bg-overlay\"><\/div><div class=\"column-overlay-layer\" style=\"\"><\/div><\/div>\n\t\t\t<div class=\"wpb_wrapper\">\n\t\t\t\t<div class=\"divider-wrap\" data-alignment=\"default\"><div style=\"height: 100px;\" class=\"divider\"><\/div><\/div><div id=\"fws_69d5c8a232cc4\" data-midnight=\"\" data-column-margin=\"default\" class=\"wpb_row vc_row-fluid vc_row inner_row\"  style=\"padding-bottom: 7%; \"><div class=\"row-bg-wrap\"> <div class=\"row-bg\" ><\/div> <\/div><div class=\"row_col_wrap_12_inner col span_12  left\">\n\t<div  class=\"vc_col-sm-12 wpb_column column_container vc_column_container col child_column has-animation no-extra-padding el_spacing_0px inherit_tablet inherit_phone\"   data-padding-pos=\"all\" data-has-bg-color=\"false\" data-bg-color=\"\" data-bg-opacity=\"1\" data-animation=\"fade-in\" data-delay=\"0\" data-animation-offset=\"90%\" >\n\t\t<div class=\"vc_column-inner\" >\n\t\t<div class=\"wpb_wrapper\">\n\t\t\t<div class=\"nectar-animated-shape width_desktop_15vw position_desktop_absolute top_position_desktop_0px left_position_desktop_0px translate_y_desktop_-30pct translate_x_desktop_-50pct z_index_-1\"><div class=\"nectar-animated-shape__inner_wrap\" data-easing=\"default\" data-animation=\"none\"><div class=\"nectar-animated-shape__inner nectar-el-parallax-scroll\"data-scroll-animation=\"true\" data-scroll-animation-movement=\"transform_y\" data-scroll-animation-mobile=\"true\" data-scroll-animation-intensity=\"0.6\" ><svg xmlns=\"http:\/\/www.w3.org\/2000\/svg\" viewbox=\"0 0 100 100\" width=\"100\" height=\"100\" preserveaspectratio=\"xMidYMid meet\" style=\"width: 100%; height: 100%; overflow: hidden;\"><circle cx=\"50\" cy=\"50\" r=\"50\" fill=\"#ffffff\" \/><\/svg><\/div><\/div><\/div><div class=\"nectar-highlighted-text font_size_3vw font_size_tablet_4vw font_size_phone_5vw font_line_height_1-4\" data-style=\"scribble\" data-exp=\"default\" data-id=\"circle-highlight2\" data-using-custom-color=\"false\" data-animation-delay=\"false\" data-color=\"\" data-color-gradient=\"\" style=\"\"><h2>Le programme de recherche communautaire du GRIPO aide et relie les \u00e9tudiant.es et les groupes communautaires souhaitant faire de la recherche li\u00e9e \u00e0 la justice sociale, \u00e9conomique <em>et environnementale.<svg class=\"nectar-scribble squiggle-underline\" role=\"presentation\" viewbox=\"-347 -30.1947 694 96.19\" preserveaspectratio=\"none\"><path style=\"animation-duration: 1.8s;\" d=\"M-335,54 C-335,54 -171,-58 -194,-3 C-217,52 -224.1199951171875,73.552001953125 -127,11 C-68,-27 -137,50 -33,42 C31.43899917602539,37.042999267578125 147.14700317382812,-29.308000564575195 335,2\" stroke=\"#19b441\" pathlength=\"1\" stroke-width=\"20\" fill=\"none\"\/><\/svg><\/em><\/h2>\n<\/div>\n\t\t<\/div> \n\t<\/div>\n\t<\/div> \n<\/div><\/div><div id=\"fws_69d5c8a233305\" data-midnight=\"\" data-column-margin=\"default\" class=\"wpb_row vc_row-fluid vc_row inner_row\"  style=\"\"><div class=\"row-bg-wrap\"> <div class=\"row-bg\" ><\/div> <\/div><div class=\"row_col_wrap_12_inner col span_12  left\">\n\t<div  class=\"vc_col-sm-12 wpb_column column_container vc_column_container col child_column no-extra-padding inherit_tablet inherit_phone\"   data-padding-pos=\"all\" data-has-bg-color=\"false\" data-bg-color=\"\" data-bg-opacity=\"1\" data-animation=\"\" data-delay=\"0\" >\n\t\t<div class=\"vc_column-inner\" >\n\t\t<div class=\"wpb_wrapper\">\n\t\t\t<p style=\"font-size: 1.2vw;line-height: 1.8;text-align: left\" class=\"vc_custom_heading\" >Ce programme permet non seulement de financer la recherche, mais aussi d\u2019offrir des services de mentorat (avant, pendant et apr\u00e8s), offrant un soutien dans des domaines tels que l\u2019\u00e9criture de propositions de recherche, l\u2019acquisition de comp\u00e9tences en recherche, l\u2019\u00e9thique dans la recherche, ainsi que le partage des r\u00e9sultats de la recherche avec la communaut\u00e9.<\/p>\n\t\t<\/div> \n\t<\/div>\n\t<\/div> \n<\/div><\/div>\n\t\t\t<\/div> \n\t\t<\/div>\n\t<\/div> \n<\/div><\/div>\n\t\t<div id=\"programs\"  data-column-margin=\"none\" data-midnight=\"dark\" data-top-percent=\"5%\" data-bottom-percent=\"7%\"  class=\"wpb_row vc_row-fluid vc_row full-width-content vc_row-o-equal-height vc_row-flex vc_row-o-content-middle  right_padding_7pct left_padding_7pct bottom_padding_tablet_10pct\"  style=\"padding-top: calc(100vw * 0.05); padding-bottom: calc(100vw * 0.07); \"><div class=\"row-bg-wrap\" data-bg-animation=\"none\" data-bg-animation-delay=\"\" data-bg-overlay=\"false\"><div class=\"inner-wrap row-bg-layer\" ><div class=\"row-bg viewport-desktop\"  style=\"\"><\/div><\/div><\/div><div class=\"row_col_wrap_12 col span_12 dark left\">\n\t<div  class=\"vc_col-sm-6 wpb_column column_container vc_column_container col no-extra-padding column_position_relative el_spacing_0px inherit_tablet inherit_phone\"  data-overlay-color=\"true\" data-padding-pos=\"all\" data-has-bg-color=\"false\" data-bg-color=\"\" data-bg-opacity=\"1\" data-animation=\"\" data-delay=\"0\" >\n\t\t<div class=\"vc_column-inner\" ><div class=\"column-bg-overlay-wrap column-bg-layer\" data-bg-animation=\"none\"><div class=\"column-bg-overlay\"><\/div><div class=\"column-overlay-layer\" style=\"\"><\/div><\/div>\n\t\t\t<div class=\"wpb_wrapper\">\n\t\t\t\t<div id=\"fws_69d5c8a233c98\" data-midnight=\"\" data-column-margin=\"default\" class=\"wpb_row vc_row-fluid vc_row inner_row\"  style=\"\"><div class=\"row-bg-wrap\"> <div class=\"row-bg\" ><\/div> <\/div><div class=\"row_col_wrap_12_inner col span_12  left\">\n\t<div style=\"\" class=\"vc_col-sm-12 wpb_column column_container vc_column_container col child_column bg_img_front top_padding_desktop_60vh top_padding_tablet_50vh top_padding_phone_40vh\"  data-using-bg=\"true\" data-border-radius=\"20px\" data-bg-cover=\"true\" data-padding-pos=\"all\" data-has-bg-color=\"false\" data-bg-color=\"\" data-bg-opacity=\"1\" data-animation=\"\" data-delay=\"0\" >\n\t\t<div class=\"vc_column-inner\" ><div class=\"column-image-bg-wrap column-bg-layer viewport-desktop\" data-n-parallax-bg=\"true\" data-parallax-speed=\"minimum\" data-bg-pos=\"center center\" data-bg-animation=\"none\" data-bg-overlay=\"false\"><div class=\"inner-wrap\"><div class=\"column-image-bg parallax-layer\" style=\" background-image: url('https:\/\/opirg-gripo.ca\/wp-content\/uploads\/2024\/03\/ecoego.jpg'); \"><\/div><\/div><\/div>\n\t\t<div class=\"wpb_wrapper\">\n\t\t\t\n\t\t<\/div> \n\t<\/div>\n\t<\/div> \n<\/div><\/div><div id=\"fws_69d5c8a2341dc\" data-midnight=\"\" data-column-margin=\"default\" class=\"wpb_row vc_row-fluid vc_row inner_row  row_position_absolute bottom_position_desktop_30px left_position_desktop_30px\"  style=\" z-index: 500;\"><div class=\"row-bg-wrap\"> <div class=\"row-bg\" ><\/div> <\/div><div class=\"row_col_wrap_12_inner col span_12  left\">\n\t<div style=\"\" class=\"vc_col-sm-12 wpb_column column_container vc_column_container col child_column has-animation no-extra-padding inherit_tablet inherit_phone col-overflow-hidden nectar-mask-reveal nectar-mask-reveal-left_bottom-dir nectar-mask-reveal-circle-shape\"  data-using-bg=\"true\" data-padding-pos=\"all\" data-has-bg-color=\"true\" data-bg-color=\"#ffffff\" data-bg-opacity=\"1\" data-animation=\"mask-reveal\" data-delay=\"0\" data-animation-offset=\"95%\" data-animation-easing=\"easeInOutCubic\" >\n\t\t<div class=\"vc_column-inner\" style=\"transform:  translateX(-60px);\"><div class=\"column-bg-overlay-wrap column-bg-layer\" data-bg-animation=\"none\"><div class=\"column-bg-overlay\" style=\"opacity: 1; background-color: #ffffff;\"><\/div><\/div>\n\t\t<div class=\"wpb_wrapper\">\n\t\t\t\n\t\t<\/div> \n\t<\/div>\n\t<\/div> \n<\/div><\/div>\n\t\t\t<\/div> \n\t\t<\/div>\n\t<\/div> \n\n\t<div  class=\"vc_col-sm-6 wpb_column column_container vc_column_container col column_position_static el_spacing_30px left_padding_desktop_7vw\"  data-padding-pos=\"all\" data-has-bg-color=\"false\" data-bg-color=\"\" data-bg-opacity=\"1\" data-animation=\"\" data-delay=\"0\" >\n\t\t<div class=\"vc_column-inner\" >\n\t\t\t<div class=\"wpb_wrapper\">\n\t\t\t\t<div id=\"fws_69d5c8a2347c6\" data-midnight=\"\" data-column-margin=\"none\" class=\"wpb_row vc_row-fluid vc_row inner_row  right_padding_5pct top_padding_tablet_8pct\"  style=\"\"><div class=\"row-bg-wrap\"> <div class=\"row-bg\" ><\/div> <\/div><div class=\"row_col_wrap_12_inner col span_12  left\">\n\t<div  class=\"vc_col-sm-12 wpb_column column_container vc_column_container col child_column no-extra-padding inherit_tablet inherit_phone\"   data-padding-pos=\"all\" data-has-bg-color=\"false\" data-bg-color=\"\" data-bg-opacity=\"1\" data-animation=\"\" data-delay=\"0\" >\n\t\t<div class=\"vc_column-inner\" >\n\t\t<div class=\"wpb_wrapper\">\n\t\t\t<h2 style=\"font-size: 3vw;color: #020202;line-height: 1.3;text-align: left\" class=\"vc_custom_heading\" >Programmes<\/h2>\n\t\t<\/div> \n\t<\/div>\n\t<\/div> \n<\/div><\/div><div id=\"fws_69d5c8a234c1b\" data-midnight=\"\" data-column-margin=\"default\" class=\"wpb_row vc_row-fluid vc_row inner_row  right_padding_14pct\"  style=\"\"><div class=\"row-bg-wrap\"> <div class=\"row-bg\" ><\/div> <\/div><div class=\"row_col_wrap_12_inner col span_12  left\">\n\t<div  class=\"vc_col-sm-12 wpb_column column_container vc_column_container col child_column has-animation no-extra-padding inherit_tablet inherit_phone\"   data-padding-pos=\"all\" data-has-bg-color=\"false\" data-bg-color=\"\" data-bg-opacity=\"1\" data-animation=\"fade-in\" data-delay=\"0\" data-animation-easing=\"easeInOutQuad\" >\n\t\t<div class=\"vc_column-inner\" >\n\t\t<div class=\"wpb_wrapper\">\n\t\t\t<div class=\"nectar-responsive-text font_size_min_16px font_size_desktop_1-1vw font_line_height_1-8 nectar-link-underline-effect\"><ul>\n<li>Action Group Program: If you are interested in becoming and Action Group, please fill up this <a href=\"https:\/\/opirg-gripo.ca\/wp-content\/uploads\/2024\/05\/Action-Group-Application-Form-EN.pdf\">form<\/a> and send it to <a href=\"mailto:admin@opirg-gripo.ca\">admin@opirg-gripo.ca<\/a><\/li>\n<li>Community Based Research Program\n<ul>\n<li>If you are student doing community based research or having a great research idea, please fill up this <a href=\"https:\/\/opirg-gripo.ca\/wp-content\/uploads\/2024\/05\/Student-Application-Form-English-2.pdf\">form<\/a> and send it to <a href=\"mailto:research.coordinator@opirg-gripo.ca\">research.coordinator@opirg-gripo.ca<\/a><\/li>\n<li>If you are a community member doing community based research or having a great research idea, please fill up this <a href=\"https:\/\/opirg-gripo.ca\/wp-content\/uploads\/2024\/05\/Community-group-Application-Form-2022English-2.pdf\">form<\/a><\/li>\n<li>and send it to <a href=\"mailto:research.coordinator@opirg-gripo.ca\">research.coordinator@opirg-gripo.ca<\/a><\/li>\n<\/ul>\n<\/li>\n<li>Programmation semestrielle en vedette\u00a0:\n<ul>\n<li>Cercle d\u2019Art \u2013 Dirig\u00e9 par Carmel Whittle:\u00a02SQI change maker<\/li>\n<li>Equity Exchange \u2013 Dirig\u00e9 par Karine Coen-Sanchez\u00a0:\u00a0copr\u00e9sidente, Comit\u00e9 consultatif pour lutter contre le racisme anti-noir<\/li>\n<li>D\u00eener et conversation \u2013 dirig\u00e9 par Tarran Maharaj<\/li>\n<\/ul>\n<\/li>\n<\/ul>\n<\/div>\n\t\t<\/div> \n\t<\/div>\n\t<\/div> \n<\/div><\/div>\n\t\t\t<\/div> \n\t\t<\/div>\n\t<\/div> \n<\/div><\/div>","protected":false},"excerpt":{"rendered":"Programs OPIRG\u2019s programming is determined by our membership and reflects the different angles through which our community struggles for social, environmental and economic justice. Our programs are also made possible...","protected":false},"author":1,"featured_media":0,"parent":0,"menu_order":0,"comment_status":"closed","ping_status":"closed","template":"","meta":{"_crdt_document":"","footnotes":""},"class_list":["post-225","page","type-page","status-publish"],"yoast_head":"<!-- This site is optimized with the Yoast SEO plugin v27.0 - https:\/\/yoast.com\/product\/yoast-seo-wordpress\/ -->\n<title>Programs - OPIRG-GRIPO<\/title>\n<meta name=\"robots\" content=\"index, follow, max-snippet:-1, max-image-preview:large, max-video-preview:-1\" \/>\n<link rel=\"canonical\" href=\"https:\/\/opirg-gripo.ca\/fr\/programs\/\" \/>\n<meta property=\"og:locale\" content=\"fr_CA\" \/>\n<meta property=\"og:type\" content=\"article\" \/>\n<meta property=\"og:title\" content=\"Programs - OPIRG-GRIPO\" \/>\n<meta property=\"og:url\" content=\"https:\/\/opirg-gripo.ca\/fr\/programs\/\" \/>\n<meta property=\"og:site_name\" content=\"OPIRG-GRIPO\" \/>\n<meta property=\"article:modified_time\" content=\"2024-05-15T17:14:28+00:00\" \/>\n<meta name=\"twitter:card\" content=\"summary_large_image\" \/>\n<meta name=\"twitter:label1\" content=\"Estimation du temps de lecture\" \/>\n\t<meta name=\"twitter:data1\" content=\"10 minutes\" \/>\n<script type=\"application\/ld+json\" class=\"yoast-schema-graph\">{\"@context\":\"https:\/\/schema.org\",\"@graph\":[{\"@type\":\"WebPage\",\"@id\":\"https:\/\/opirg-gripo.ca\/programs\/\",\"url\":\"https:\/\/opirg-gripo.ca\/programs\/\",\"name\":\"Programs - OPIRG-GRIPO\",\"isPartOf\":{\"@id\":\"https:\/\/opirg-gripo.ca\/#website\"},\"datePublished\":\"2024-02-02T18:19:51+00:00\",\"dateModified\":\"2024-05-15T17:14:28+00:00\",\"breadcrumb\":{\"@id\":\"https:\/\/opirg-gripo.ca\/programs\/#breadcrumb\"},\"inLanguage\":\"fr-CA\",\"potentialAction\":[{\"@type\":\"ReadAction\",\"target\":[\"https:\/\/opirg-gripo.ca\/programs\/\"]}]},{\"@type\":\"BreadcrumbList\",\"@id\":\"https:\/\/opirg-gripo.ca\/programs\/#breadcrumb\",\"itemListElement\":[{\"@type\":\"ListItem\",\"position\":1,\"name\":\"Home\",\"item\":\"https:\/\/opirg-gripo.ca\/\"},{\"@type\":\"ListItem\",\"position\":2,\"name\":\"Programs\"}]},{\"@type\":\"WebSite\",\"@id\":\"https:\/\/opirg-gripo.ca\/#website\",\"url\":\"https:\/\/opirg-gripo.ca\/\",\"name\":\"OPIRG-GRIPO\",\"description\":\"Building Movement\",\"publisher\":{\"@id\":\"https:\/\/opirg-gripo.ca\/#organization\"},\"potentialAction\":[{\"@type\":\"SearchAction\",\"target\":{\"@type\":\"EntryPoint\",\"urlTemplate\":\"https:\/\/opirg-gripo.ca\/?s={search_term_string}\"},\"query-input\":{\"@type\":\"PropertyValueSpecification\",\"valueRequired\":true,\"valueName\":\"search_term_string\"}}],\"inLanguage\":\"fr-CA\"},{\"@type\":\"Organization\",\"@id\":\"https:\/\/opirg-gripo.ca\/#organization\",\"name\":\"OPIRG-GRIPO\",\"url\":\"https:\/\/opirg-gripo.ca\/\",\"logo\":{\"@type\":\"ImageObject\",\"inLanguage\":\"fr-CA\",\"@id\":\"https:\/\/opirg-gripo.ca\/#\/schema\/logo\/image\/\",\"url\":\"https:\/\/opirg-gripo.ca\/wp-content\/uploads\/2024\/01\/OPIRG-logo.png\",\"contentUrl\":\"https:\/\/opirg-gripo.ca\/wp-content\/uploads\/2024\/01\/OPIRG-logo.png\",\"width\":250,\"height\":88,\"caption\":\"OPIRG-GRIPO\"},\"image\":{\"@id\":\"https:\/\/opirg-gripo.ca\/#\/schema\/logo\/image\/\"}}]}<\/script>\n<!-- \/ Yoast SEO plugin. -->","yoast_head_json":{"title":"Programs - OPIRG-GRIPO","robots":{"index":"index","follow":"follow","max-snippet":"max-snippet:-1","max-image-preview":"max-image-preview:large","max-video-preview":"max-video-preview:-1"},"canonical":"https:\/\/opirg-gripo.ca\/fr\/programs\/","og_locale":"fr_CA","og_type":"article","og_title":"Programs - OPIRG-GRIPO","og_url":"https:\/\/opirg-gripo.ca\/fr\/programs\/","og_site_name":"OPIRG-GRIPO","article_modified_time":"2024-05-15T17:14:28+00:00","twitter_card":"summary_large_image","twitter_misc":{"Estimation du temps de lecture":"10 minutes"},"schema":{"@context":"https:\/\/schema.org","@graph":[{"@type":"WebPage","@id":"https:\/\/opirg-gripo.ca\/programs\/","url":"https:\/\/opirg-gripo.ca\/programs\/","name":"Programs - OPIRG-GRIPO","isPartOf":{"@id":"https:\/\/opirg-gripo.ca\/#website"},"datePublished":"2024-02-02T18:19:51+00:00","dateModified":"2024-05-15T17:14:28+00:00","breadcrumb":{"@id":"https:\/\/opirg-gripo.ca\/programs\/#breadcrumb"},"inLanguage":"fr-CA","potentialAction":[{"@type":"ReadAction","target":["https:\/\/opirg-gripo.ca\/programs\/"]}]},{"@type":"BreadcrumbList","@id":"https:\/\/opirg-gripo.ca\/programs\/#breadcrumb","itemListElement":[{"@type":"ListItem","position":1,"name":"Home","item":"https:\/\/opirg-gripo.ca\/"},{"@type":"ListItem","position":2,"name":"Programs"}]},{"@type":"WebSite","@id":"https:\/\/opirg-gripo.ca\/#website","url":"https:\/\/opirg-gripo.ca\/","name":"OPIRG-GRIPO","description":"Building Movement","publisher":{"@id":"https:\/\/opirg-gripo.ca\/#organization"},"potentialAction":[{"@type":"SearchAction","target":{"@type":"EntryPoint","urlTemplate":"https:\/\/opirg-gripo.ca\/?s={search_term_string}"},"query-input":{"@type":"PropertyValueSpecification","valueRequired":true,"valueName":"search_term_string"}}],"inLanguage":"fr-CA"},{"@type":"Organization","@id":"https:\/\/opirg-gripo.ca\/#organization","name":"OPIRG-GRIPO","url":"https:\/\/opirg-gripo.ca\/","logo":{"@type":"ImageObject","inLanguage":"fr-CA","@id":"https:\/\/opirg-gripo.ca\/#\/schema\/logo\/image\/","url":"https:\/\/opirg-gripo.ca\/wp-content\/uploads\/2024\/01\/OPIRG-logo.png","contentUrl":"https:\/\/opirg-gripo.ca\/wp-content\/uploads\/2024\/01\/OPIRG-logo.png","width":250,"height":88,"caption":"OPIRG-GRIPO"},"image":{"@id":"https:\/\/opirg-gripo.ca\/#\/schema\/logo\/image\/"}}]}},"_links":{"self":[{"href":"https:\/\/opirg-gripo.ca\/fr\/wp-json\/wp\/v2\/pages\/225","targetHints":{"allow":["GET"]}}],"collection":[{"href":"https:\/\/opirg-gripo.ca\/fr\/wp-json\/wp\/v2\/pages"}],"about":[{"href":"https:\/\/opirg-gripo.ca\/fr\/wp-json\/wp\/v2\/types\/page"}],"author":[{"embeddable":true,"href":"https:\/\/opirg-gripo.ca\/fr\/wp-json\/wp\/v2\/users\/1"}],"replies":[{"embeddable":true,"href":"https:\/\/opirg-gripo.ca\/fr\/wp-json\/wp\/v2\/comments?post=225"}],"version-history":[{"count":5,"href":"https:\/\/opirg-gripo.ca\/fr\/wp-json\/wp\/v2\/pages\/225\/revisions"}],"predecessor-version":[{"id":467,"href":"https:\/\/opirg-gripo.ca\/fr\/wp-json\/wp\/v2\/pages\/225\/revisions\/467"}],"wp:attachment":[{"href":"https:\/\/opirg-gripo.ca\/fr\/wp-json\/wp\/v2\/media?parent=225"}],"curies":[{"name":"wp","href":"https:\/\/api.w.org\/{rel}","templated":true}]}}